{"id":1333,"date":"2023-11-09T11:14:01","date_gmt":"2023-11-09T16:14:01","guid":{"rendered":"https:\/\/click2action.com.co\/cipa\/?page_id=1333"},"modified":"2026-02-23T16:04:38","modified_gmt":"2026-02-23T21:04:38","slug":"proteina-animal","status":"publish","type":"page","link":"https:\/\/cipa.com.co\/?page_id=1333","title":{"rendered":"Prote\u00edna animal"},"content":{"rendered":"\t\t<div data-elementor-type=\"wp-page\" data-elementor-id=\"1333\" class=\"elementor elementor-1333\" data-elementor-settings=\"{&quot;ha_cmc_init_switcher&quot;:&quot;no&quot;}\" data-elementor-post-type=\"page\">\n\t\t\t\t\t\t<section class=\"elementor-section elementor-top-section elementor-element elementor-element-c246d6e elementor-section-full_width elementor-section-height-default elementor-section-height-default\" data-id=\"c246d6e\" data-element_type=\"section\" data-e-type=\"section\" data-settings=\"{&quot;jet_parallax_layout_list&quot;:[],&quot;_ha_eqh_enable&quot;:false}\">\n\t\t\t\t\t\t<div class=\"elementor-container elementor-column-gap-default\">\n\t\t\t\t\t<div class=\"elementor-column elementor-col-100 elementor-top-column elementor-element elementor-element-ae5ad1d\" data-id=\"ae5ad1d\" data-element_type=\"column\" data-e-type=\"column\">\n\t\t\t<div class=\"elementor-widget-wrap elementor-element-populated\">\n\t\t\t\t\t\t<div class=\"elementor-element elementor-element-b8c63da elementor-hidden-mobile elementor-widget elementor-widget-image\" data-id=\"b8c63da\" data-element_type=\"widget\" data-e-type=\"widget\" data-widget_type=\"image.default\">\n\t\t\t\t<div class=\"elementor-widget-container\">\n\t\t\t\t\t\t\t\t\t\t\t\t\t\t\t<img fetchpriority=\"high\" decoding=\"async\" width=\"2048\" height=\"560\" src=\"https:\/\/cipa.com.co\/wp-content\/uploads\/2026\/02\/Proteina-animal.png\" class=\"attachment-full size-full wp-image-13643\" alt=\"\" srcset=\"https:\/\/cipa.com.co\/wp-content\/uploads\/2026\/02\/Proteina-animal.png 2048w, https:\/\/cipa.com.co\/wp-content\/uploads\/2026\/02\/Proteina-animal-300x82.png 300w, https:\/\/cipa.com.co\/wp-content\/uploads\/2026\/02\/Proteina-animal-1024x280.png 1024w, https:\/\/cipa.com.co\/wp-content\/uploads\/2026\/02\/Proteina-animal-768x210.png 768w, https:\/\/cipa.com.co\/wp-content\/uploads\/2026\/02\/Proteina-animal-1536x420.png 1536w\" sizes=\"(max-width: 2048px) 100vw, 2048px\" \/>\t\t\t\t\t\t\t\t\t\t\t\t\t\t\t<\/div>\n\t\t\t\t<\/div>\n\t\t\t\t<div class=\"elementor-element elementor-element-497beb3 elementor-hidden-desktop elementor-hidden-tablet elementor-widget elementor-widget-image\" data-id=\"497beb3\" data-element_type=\"widget\" data-e-type=\"widget\" data-widget_type=\"image.default\">\n\t\t\t\t<div class=\"elementor-widget-container\">\n\t\t\t\t\t\t\t\t\t\t\t\t\t\t\t<img decoding=\"async\" width=\"480\" height=\"480\" src=\"https:\/\/cipa.com.co\/wp-content\/uploads\/2026\/02\/Proteina-animal-2.png\" class=\"attachment-full size-full wp-image-13644\" alt=\"\" srcset=\"https:\/\/cipa.com.co\/wp-content\/uploads\/2026\/02\/Proteina-animal-2.png 480w, https:\/\/cipa.com.co\/wp-content\/uploads\/2026\/02\/Proteina-animal-2-300x300.png 300w, https:\/\/cipa.com.co\/wp-content\/uploads\/2026\/02\/Proteina-animal-2-150x150.png 150w\" sizes=\"(max-width: 480px) 100vw, 480px\" \/>\t\t\t\t\t\t\t\t\t\t\t\t\t\t\t<\/div>\n\t\t\t\t<\/div>\n\t\t\t\t<section class=\"elementor-section elementor-inner-section elementor-element elementor-element-eb0389f elementor-section-boxed elementor-section-height-default elementor-section-height-default\" data-id=\"eb0389f\" data-element_type=\"section\" data-e-type=\"section\" data-settings=\"{&quot;jet_parallax_layout_list&quot;:[],&quot;_ha_eqh_enable&quot;:false}\">\n\t\t\t\t\t\t<div class=\"elementor-container elementor-column-gap-default\">\n\t\t\t\t\t<div class=\"elementor-column elementor-col-100 elementor-inner-column elementor-element elementor-element-762aec4\" data-id=\"762aec4\" data-element_type=\"column\" data-e-type=\"column\">\n\t\t\t<div class=\"elementor-widget-wrap elementor-element-populated\">\n\t\t\t\t\t\t<div class=\"elementor-element elementor-element-6bcda7e elementor-widget elementor-widget-text-editor\" data-id=\"6bcda7e\" data-element_type=\"widget\" data-e-type=\"widget\" data-widget_type=\"text-editor.default\">\n\t\t\t\t<div class=\"elementor-widget-container\">\n\t\t\t\t\t\t\t\t\t<p>Cipa S.A. en los \u00faltimos a\u00f1os se ha convertido en un actor importante en la <strong>industria c\u00e1rnica<\/strong>, a trav\u00e9s de su unidad de negocio enfocada en la <strong>producci\u00f3n de prote\u00edna de origen animal<\/strong>, la cual se estructura principalmente a partir de la <strong>producci\u00f3n tecnificada de cerdo<\/strong> en diferentes zonas del territorio nacional, con especial \u00e9nfasis en <strong>cuidado del medio ambiente y el bienestar animal<\/strong>.<\/p><p>En este sentido, dispone de un <strong>equipo t\u00e9cnico especializado<\/strong> que administra todas las actividades relacionadas con la <strong>cr\u00eda, levante y ceba<\/strong> de los animales, bajo <strong>par\u00e1metros de calidad y productividad<\/strong>, enmarcados en programas de mejoramiento continuo, orientados en conseguir <strong>la m\u00e1xima eficiencia y la mejor rentabilidad posible de la operaci\u00f3n pecuaria<\/strong>.<\/p><p>Actualmente, ofrecemos al mercado carne de cerdo de la m\u00e1s alta calidad, <strong>producida bajo est\u00e1ndares que cumplen con la normatividad legal vigente<\/strong> y el adecuado manejo y bienestar de los animales alojados en su sistema productivo, con el fin de <strong>garantizar las especificaciones de salubridad e inocuidad del producto final<\/strong> para el consumo humano.<\/p><p>Nuestro equipo comercial se encuentra en disposici\u00f3n para atender las necesidades y requerimientos en cuanto a <strong>todo lo relacionado con nuestro portafolio de carne de cerdo<\/strong>.<\/p>\t\t\t\t\t\t\t\t<\/div>\n\t\t\t\t<\/div>\n\t\t\t\t\t<\/div>\n\t\t<\/div>\n\t\t\t\t\t<\/div>\n\t\t<\/section>\n\t\t\t\t\t<\/div>\n\t\t<\/div>\n\t\t\t\t\t<\/div>\n\t\t<\/section>\n\t\t<div class=\"elementor-element elementor-element-8ab09ec e-flex e-con-boxed e-con e-parent\" data-id=\"8ab09ec\" data-element_type=\"container\" data-e-type=\"container\" data-settings=\"{&quot;background_background&quot;:&quot;classic&quot;,&quot;jet_parallax_layout_list&quot;:[],&quot;_ha_eqh_enable&quot;:false}\">\n\t\t\t\t\t<div class=\"e-con-inner\">\n\t\t\t\t<div class=\"elementor-element elementor-element-283904e elementor-widget elementor-widget-image\" data-id=\"283904e\" data-element_type=\"widget\" data-e-type=\"widget\" data-widget_type=\"image.default\">\n\t\t\t\t<div class=\"elementor-widget-container\">\n\t\t\t\t\t\t\t\t\t\t\t\t\t\t\t<img decoding=\"async\" width=\"800\" height=\"391\" src=\"https:\/\/cipa.com.co\/wp-content\/uploads\/2025\/12\/banner-home-33-1024x501.png\" class=\"attachment-large size-large wp-image-9001\" alt=\"\" srcset=\"https:\/\/cipa.com.co\/wp-content\/uploads\/2025\/12\/banner-home-33-1024x501.png 1024w, https:\/\/cipa.com.co\/wp-content\/uploads\/2025\/12\/banner-home-33-300x147.png 300w, https:\/\/cipa.com.co\/wp-content\/uploads\/2025\/12\/banner-home-33-768x375.png 768w, https:\/\/cipa.com.co\/wp-content\/uploads\/2025\/12\/banner-home-33.png 1428w\" sizes=\"(max-width: 800px) 100vw, 800px\" \/>\t\t\t\t\t\t\t\t\t\t\t\t\t\t\t<\/div>\n\t\t\t\t<\/div>\n\t\t\t\t\t<\/div>\n\t\t\t\t<\/div>\n\t\t<div class=\"elementor-element elementor-element-500128c e-flex e-con-boxed e-con e-parent\" data-id=\"500128c\" data-element_type=\"container\" data-e-type=\"container\" data-settings=\"{&quot;background_background&quot;:&quot;classic&quot;,&quot;jet_parallax_layout_list&quot;:[],&quot;_ha_eqh_enable&quot;:false}\">\n\t\t\t\t\t<div class=\"e-con-inner\">\n\t\t\t\t<div class=\"elementor-element elementor-element-4956ded elementor-widget elementor-widget-text-editor\" data-id=\"4956ded\" data-element_type=\"widget\" data-e-type=\"widget\" data-widget_type=\"text-editor.default\">\n\t\t\t\t<div class=\"elementor-widget-container\">\n\t\t\t\t\t\t\t\t\t<p><b>En nuestro compromiso por distribuir solo lo mejor, presentamos a Molto.<\/b> Esta marca se dedica con pasi\u00f3n a la crianza y producci\u00f3n de carne de cerdo de alta excelencia. Su compromiso con el <b>bienestar animal<\/b> y los procesos de trazabilidad total resultan en un producto que garantiza un <b>sabor, terneza y jugosidad<\/b> inigualables en tu mesa. Somos su aliado en la distribuci\u00f3n de la calidad superior.<\/p><p>Algunos productos:<\/p>\t\t\t\t\t\t\t\t<\/div>\n\t\t\t\t<\/div>\n\t\t\t\t\t<\/div>\n\t\t\t\t<\/div>\n\t\t<div class=\"elementor-element elementor-element-531b40f e-flex e-con-boxed e-con e-parent\" data-id=\"531b40f\" data-element_type=\"container\" data-e-type=\"container\" data-settings=\"{&quot;background_background&quot;:&quot;classic&quot;,&quot;jet_parallax_layout_list&quot;:[],&quot;_ha_eqh_enable&quot;:false}\">\n\t\t\t\t\t<div class=\"e-con-inner\">\n\t\t\t\t<div class=\"elementor-element elementor-element-65a5ffd elementor-widget elementor-widget-text-editor\" data-id=\"65a5ffd\" data-element_type=\"widget\" data-e-type=\"widget\" data-widget_type=\"text-editor.default\">\n\t\t\t\t<div class=\"elementor-widget-container\">\n\t\t\t\t\t\t\t\t\t<section id=\"productos\" class=\"main-preparations full clear-fix\"><div class=\"wrapper-main center relative\"><h3>PIERNA \u25cf BONDIOLA \u25cf SOLOMITO \u25cf LOMO \u25cf PUNTA DE ANCA \u25cf TOCINO \u25cf CEVICHE \u25cf PANCETA \u25cf COSTILLAS \u25cf COSTICHICK \u25cf CHULETA \u25cf COSTILLAS BABY BACK \u25cf COSTILLAS SAN LUIS \u25cf TOMAHAWK \u25cf CODILLOS<\/h3><\/div><\/section><section class=\"main-preparations full clear-fix\"><div class=\"wrapper-main center relative\">\u00a0<\/div><\/section>\t\t\t\t\t\t\t\t<\/div>\n\t\t\t\t<\/div>\n\t\t\t\t\t<\/div>\n\t\t\t\t<\/div>\n\t\t<div class=\"elementor-element elementor-element-9206c51 e-flex e-con-boxed e-con e-parent\" data-id=\"9206c51\" data-element_type=\"container\" data-e-type=\"container\" data-settings=\"{&quot;background_background&quot;:&quot;classic&quot;,&quot;jet_parallax_layout_list&quot;:[],&quot;_ha_eqh_enable&quot;:false}\">\n\t\t\t\t\t<div class=\"e-con-inner\">\n\t\t<div class=\"elementor-element elementor-element-a8b4340 e-con-full e-flex e-con e-child\" data-id=\"a8b4340\" data-element_type=\"container\" data-e-type=\"container\" data-settings=\"{&quot;jet_parallax_layout_list&quot;:[],&quot;_ha_eqh_enable&quot;:false}\">\n\t\t\t\t<div class=\"elementor-element elementor-element-9712fc8 elementor-widget elementor-widget-image\" data-id=\"9712fc8\" data-element_type=\"widget\" data-e-type=\"widget\" data-widget_type=\"image.default\">\n\t\t\t\t<div class=\"elementor-widget-container\">\n\t\t\t\t\t\t\t\t\t\t\t\t\t\t\t<img loading=\"lazy\" decoding=\"async\" width=\"546\" height=\"494\" src=\"https:\/\/cipa.com.co\/wp-content\/uploads\/2025\/12\/amor.png\" class=\"attachment-large size-large wp-image-9002\" alt=\"\" srcset=\"https:\/\/cipa.com.co\/wp-content\/uploads\/2025\/12\/amor.png 546w, https:\/\/cipa.com.co\/wp-content\/uploads\/2025\/12\/amor-300x271.png 300w\" sizes=\"(max-width: 546px) 100vw, 546px\" \/>\t\t\t\t\t\t\t\t\t\t\t\t\t\t\t<\/div>\n\t\t\t\t<\/div>\n\t\t\t\t<\/div>\n\t\t<div class=\"elementor-element elementor-element-192a884 e-con-full e-flex e-con e-child\" data-id=\"192a884\" data-element_type=\"container\" data-e-type=\"container\" data-settings=\"{&quot;jet_parallax_layout_list&quot;:[],&quot;_ha_eqh_enable&quot;:false}\">\n\t\t\t\t<div class=\"elementor-element elementor-element-877802c elementor-widget elementor-widget-text-editor\" data-id=\"877802c\" data-element_type=\"widget\" data-e-type=\"widget\" data-widget_type=\"text-editor.default\">\n\t\t\t\t<div class=\"elementor-widget-container\">\n\t\t\t\t\t\t\t\t\t<p>Queremos que experimentes la verdadera diferencia en la carne de cerdo <i>premium<\/i>. <strong>Al elegir Molto,<\/strong> est\u00e1s eligiendo un producto con historia, compromiso y el m\u00e1s alto est\u00e1ndar de calidad en cada corte. Te invitamos a conocer directamente su filosof\u00eda y descubrir por qu\u00e9 son los maestros en sabor.<\/p>\t\t\t\t\t\t\t\t<\/div>\n\t\t\t\t<\/div>\n\t\t\t\t<div class=\"elementor-element elementor-element-9f1f46b elementor-widget elementor-widget-button\" data-id=\"9f1f46b\" data-element_type=\"widget\" data-e-type=\"widget\" data-widget_type=\"button.default\">\n\t\t\t\t<div class=\"elementor-widget-container\">\n\t\t\t\t\t\t\t\t\t<div class=\"elementor-button-wrapper\">\n\t\t\t\t\t<a class=\"elementor-button elementor-button-link elementor-size-sm\" href=\"https:\/\/moltodimaiale.com\/\" target=\"_blank\">\n\t\t\t\t\t\t<span class=\"elementor-button-content-wrapper\">\n\t\t\t\t\t\t\t\t\t<span class=\"elementor-button-text\">Ir a la Web Oficial de Molto<\/span>\n\t\t\t\t\t<\/span>\n\t\t\t\t\t<\/a>\n\t\t\t\t<\/div>\n\t\t\t\t\t\t\t\t<\/div>\n\t\t\t\t<\/div>\n\t\t\t\t<\/div>\n\t\t\t\t\t<\/div>\n\t\t\t\t<\/div>\n\t\t\t\t<\/div>\n\t\t","protected":false},"excerpt":{"rendered":"<p>Cipa S.A. en los \u00faltimos a\u00f1os se ha convertido en un actor importante en la industria c\u00e1rnica, a trav\u00e9s de su unidad de negocio enfocada en la producci\u00f3n de prote\u00edna de origen animal, la cual se estructura principalmente a partir de la producci\u00f3n tecnificada de cerdo en diferentes zonas del territorio nacional, con especial \u00e9nfasis [&hellip;]<\/p>\n","protected":false},"author":4,"featured_media":0,"parent":0,"menu_order":0,"comment_status":"closed","ping_status":"closed","template":"","meta":{"footnotes":""},"class_list":["post-1333","page","type-page","status-publish","hentry"],"yoast_head":"<!-- This site is optimized with the Yoast SEO plugin v27.5 - https:\/\/yoast.com\/product\/yoast-seo-wordpress\/ -->\n<title>Prote\u00edna animal - Cipa - Es nutrici\u00f3n<\/title>\n<meta name=\"robots\" content=\"index, follow, max-snippet:-1, max-image-preview:large, max-video-preview:-1\" \/>\n<link rel=\"canonical\" href=\"https:\/\/cipa.com.co\/?page_id=1333\" \/>\n<meta property=\"og:locale\" content=\"es_ES\" \/>\n<meta property=\"og:type\" content=\"article\" \/>\n<meta property=\"og:title\" content=\"Prote\u00edna animal - Cipa - Es nutrici\u00f3n\" \/>\n<meta property=\"og:description\" content=\"Cipa S.A. en los \u00faltimos a\u00f1os se ha convertido en un actor importante en la industria c\u00e1rnica, a trav\u00e9s de su unidad de negocio enfocada en la producci\u00f3n de prote\u00edna de origen animal, la cual se estructura principalmente a partir de la producci\u00f3n tecnificada de cerdo en diferentes zonas del territorio nacional, con especial \u00e9nfasis [&hellip;]\" \/>\n<meta property=\"og:url\" content=\"https:\/\/cipa.com.co\/?page_id=1333\" \/>\n<meta property=\"og:site_name\" content=\"Cipa - Es nutrici\u00f3n\" \/>\n<meta property=\"article:publisher\" content=\"https:\/\/www.facebook.com\/cipaesnutricion\/\" \/>\n<meta property=\"article:modified_time\" content=\"2026-02-23T21:04:38+00:00\" \/>\n<meta property=\"og:image\" content=\"https:\/\/cipa.com.co\/wp-content\/uploads\/2026\/02\/Proteina-animal.png\" \/>\n<meta name=\"twitter:card\" content=\"summary_large_image\" \/>\n<meta name=\"twitter:label1\" content=\"Tiempo de lectura\" \/>\n\t<meta name=\"twitter:data1\" content=\"3 minutos\" \/>\n<script type=\"application\/ld+json\" class=\"yoast-schema-graph\">{\"@context\":\"https:\\\/\\\/schema.org\",\"@graph\":[{\"@type\":\"WebPage\",\"@id\":\"https:\\\/\\\/cipa.com.co\\\/?page_id=1333\",\"url\":\"https:\\\/\\\/cipa.com.co\\\/?page_id=1333\",\"name\":\"Prote\u00edna animal - Cipa - Es nutrici\u00f3n\",\"isPartOf\":{\"@id\":\"https:\\\/\\\/cipa.com.co\\\/#website\"},\"primaryImageOfPage\":{\"@id\":\"https:\\\/\\\/cipa.com.co\\\/?page_id=1333#primaryimage\"},\"image\":{\"@id\":\"https:\\\/\\\/cipa.com.co\\\/?page_id=1333#primaryimage\"},\"thumbnailUrl\":\"https:\\\/\\\/cipa.com.co\\\/wp-content\\\/uploads\\\/2026\\\/02\\\/Proteina-animal.png\",\"datePublished\":\"2023-11-09T16:14:01+00:00\",\"dateModified\":\"2026-02-23T21:04:38+00:00\",\"breadcrumb\":{\"@id\":\"https:\\\/\\\/cipa.com.co\\\/?page_id=1333#breadcrumb\"},\"inLanguage\":\"es-CO\",\"potentialAction\":[{\"@type\":\"ReadAction\",\"target\":[\"https:\\\/\\\/cipa.com.co\\\/?page_id=1333\"]}]},{\"@type\":\"ImageObject\",\"inLanguage\":\"es-CO\",\"@id\":\"https:\\\/\\\/cipa.com.co\\\/?page_id=1333#primaryimage\",\"url\":\"https:\\\/\\\/cipa.com.co\\\/wp-content\\\/uploads\\\/2026\\\/02\\\/Proteina-animal.png\",\"contentUrl\":\"https:\\\/\\\/cipa.com.co\\\/wp-content\\\/uploads\\\/2026\\\/02\\\/Proteina-animal.png\",\"width\":2048,\"height\":560},{\"@type\":\"BreadcrumbList\",\"@id\":\"https:\\\/\\\/cipa.com.co\\\/?page_id=1333#breadcrumb\",\"itemListElement\":[{\"@type\":\"ListItem\",\"position\":1,\"name\":\"Inicio\",\"item\":\"https:\\\/\\\/cipa.com.co\\\/\"},{\"@type\":\"ListItem\",\"position\":2,\"name\":\"Prote\u00edna animal\"}]},{\"@type\":\"WebSite\",\"@id\":\"https:\\\/\\\/cipa.com.co\\\/#website\",\"url\":\"https:\\\/\\\/cipa.com.co\\\/\",\"name\":\"Cipa\",\"description\":\"\",\"publisher\":{\"@id\":\"https:\\\/\\\/cipa.com.co\\\/#organization\"},\"potentialAction\":[{\"@type\":\"SearchAction\",\"target\":{\"@type\":\"EntryPoint\",\"urlTemplate\":\"https:\\\/\\\/cipa.com.co\\\/?s={search_term_string}\"},\"query-input\":{\"@type\":\"PropertyValueSpecification\",\"valueRequired\":true,\"valueName\":\"search_term_string\"}}],\"inLanguage\":\"es-CO\"},{\"@type\":\"Organization\",\"@id\":\"https:\\\/\\\/cipa.com.co\\\/#organization\",\"name\":\"Cipa\",\"url\":\"https:\\\/\\\/cipa.com.co\\\/\",\"logo\":{\"@type\":\"ImageObject\",\"inLanguage\":\"es-CO\",\"@id\":\"https:\\\/\\\/cipa.com.co\\\/#\\\/schema\\\/logo\\\/image\\\/\",\"url\":\"https:\\\/\\\/click2action.com.co\\\/cipa\\\/wp-content\\\/uploads\\\/2023\\\/10\\\/logoCipa.png\",\"contentUrl\":\"https:\\\/\\\/click2action.com.co\\\/cipa\\\/wp-content\\\/uploads\\\/2023\\\/10\\\/logoCipa.png\",\"width\":206,\"height\":138,\"caption\":\"Cipa\"},\"image\":{\"@id\":\"https:\\\/\\\/cipa.com.co\\\/#\\\/schema\\\/logo\\\/image\\\/\"},\"sameAs\":[\"https:\\\/\\\/www.facebook.com\\\/cipaesnutricion\\\/\",\"https:\\\/\\\/www.instagram.com\\\/cipanutricion\\\/\"]}]}<\/script>\n<!-- \/ Yoast SEO plugin. -->","yoast_head_json":{"title":"Prote\u00edna animal - Cipa - Es nutrici\u00f3n","robots":{"index":"index","follow":"follow","max-snippet":"max-snippet:-1","max-image-preview":"max-image-preview:large","max-video-preview":"max-video-preview:-1"},"canonical":"https:\/\/cipa.com.co\/?page_id=1333","og_locale":"es_ES","og_type":"article","og_title":"Prote\u00edna animal - Cipa - Es nutrici\u00f3n","og_description":"Cipa S.A. en los \u00faltimos a\u00f1os se ha convertido en un actor importante en la industria c\u00e1rnica, a trav\u00e9s de su unidad de negocio enfocada en la producci\u00f3n de prote\u00edna de origen animal, la cual se estructura principalmente a partir de la producci\u00f3n tecnificada de cerdo en diferentes zonas del territorio nacional, con especial \u00e9nfasis [&hellip;]","og_url":"https:\/\/cipa.com.co\/?page_id=1333","og_site_name":"Cipa - Es nutrici\u00f3n","article_publisher":"https:\/\/www.facebook.com\/cipaesnutricion\/","article_modified_time":"2026-02-23T21:04:38+00:00","og_image":[{"url":"https:\/\/cipa.com.co\/wp-content\/uploads\/2026\/02\/Proteina-animal.png","type":"","width":"","height":""}],"twitter_card":"summary_large_image","twitter_misc":{"Tiempo de lectura":"3 minutos"},"schema":{"@context":"https:\/\/schema.org","@graph":[{"@type":"WebPage","@id":"https:\/\/cipa.com.co\/?page_id=1333","url":"https:\/\/cipa.com.co\/?page_id=1333","name":"Prote\u00edna animal - Cipa - Es nutrici\u00f3n","isPartOf":{"@id":"https:\/\/cipa.com.co\/#website"},"primaryImageOfPage":{"@id":"https:\/\/cipa.com.co\/?page_id=1333#primaryimage"},"image":{"@id":"https:\/\/cipa.com.co\/?page_id=1333#primaryimage"},"thumbnailUrl":"https:\/\/cipa.com.co\/wp-content\/uploads\/2026\/02\/Proteina-animal.png","datePublished":"2023-11-09T16:14:01+00:00","dateModified":"2026-02-23T21:04:38+00:00","breadcrumb":{"@id":"https:\/\/cipa.com.co\/?page_id=1333#breadcrumb"},"inLanguage":"es-CO","potentialAction":[{"@type":"ReadAction","target":["https:\/\/cipa.com.co\/?page_id=1333"]}]},{"@type":"ImageObject","inLanguage":"es-CO","@id":"https:\/\/cipa.com.co\/?page_id=1333#primaryimage","url":"https:\/\/cipa.com.co\/wp-content\/uploads\/2026\/02\/Proteina-animal.png","contentUrl":"https:\/\/cipa.com.co\/wp-content\/uploads\/2026\/02\/Proteina-animal.png","width":2048,"height":560},{"@type":"BreadcrumbList","@id":"https:\/\/cipa.com.co\/?page_id=1333#breadcrumb","itemListElement":[{"@type":"ListItem","position":1,"name":"Inicio","item":"https:\/\/cipa.com.co\/"},{"@type":"ListItem","position":2,"name":"Prote\u00edna animal"}]},{"@type":"WebSite","@id":"https:\/\/cipa.com.co\/#website","url":"https:\/\/cipa.com.co\/","name":"Cipa","description":"","publisher":{"@id":"https:\/\/cipa.com.co\/#organization"},"potentialAction":[{"@type":"SearchAction","target":{"@type":"EntryPoint","urlTemplate":"https:\/\/cipa.com.co\/?s={search_term_string}"},"query-input":{"@type":"PropertyValueSpecification","valueRequired":true,"valueName":"search_term_string"}}],"inLanguage":"es-CO"},{"@type":"Organization","@id":"https:\/\/cipa.com.co\/#organization","name":"Cipa","url":"https:\/\/cipa.com.co\/","logo":{"@type":"ImageObject","inLanguage":"es-CO","@id":"https:\/\/cipa.com.co\/#\/schema\/logo\/image\/","url":"https:\/\/click2action.com.co\/cipa\/wp-content\/uploads\/2023\/10\/logoCipa.png","contentUrl":"https:\/\/click2action.com.co\/cipa\/wp-content\/uploads\/2023\/10\/logoCipa.png","width":206,"height":138,"caption":"Cipa"},"image":{"@id":"https:\/\/cipa.com.co\/#\/schema\/logo\/image\/"},"sameAs":["https:\/\/www.facebook.com\/cipaesnutricion\/","https:\/\/www.instagram.com\/cipanutricion\/"]}]}},"_links":{"self":[{"href":"https:\/\/cipa.com.co\/index.php?rest_route=\/wp\/v2\/pages\/1333","targetHints":{"allow":["GET"]}}],"collection":[{"href":"https:\/\/cipa.com.co\/index.php?rest_route=\/wp\/v2\/pages"}],"about":[{"href":"https:\/\/cipa.com.co\/index.php?rest_route=\/wp\/v2\/types\/page"}],"author":[{"embeddable":true,"href":"https:\/\/cipa.com.co\/index.php?rest_route=\/wp\/v2\/users\/4"}],"replies":[{"embeddable":true,"href":"https:\/\/cipa.com.co\/index.php?rest_route=%2Fwp%2Fv2%2Fcomments&post=1333"}],"version-history":[{"count":50,"href":"https:\/\/cipa.com.co\/index.php?rest_route=\/wp\/v2\/pages\/1333\/revisions"}],"predecessor-version":[{"id":13647,"href":"https:\/\/cipa.com.co\/index.php?rest_route=\/wp\/v2\/pages\/1333\/revisions\/13647"}],"wp:attachment":[{"href":"https:\/\/cipa.com.co\/index.php?rest_route=%2Fwp%2Fv2%2Fmedia&parent=1333"}],"curies":[{"name":"wp","href":"https:\/\/api.w.org\/{rel}","templated":true}]}}