{"id":2886,"date":"2024-01-04T11:46:39","date_gmt":"2024-01-04T16:46:39","guid":{"rendered":"https:\/\/click2action.com.co\/cipa\/?page_id=2886"},"modified":"2024-02-02T17:02:44","modified_gmt":"2024-02-02T22:02:44","slug":"linea-etica","status":"publish","type":"page","link":"https:\/\/cipa.com.co\/?page_id=2886","title":{"rendered":"L\u00ednea \u00c9tica"},"content":{"rendered":"\t\t<div data-elementor-type=\"wp-page\" data-elementor-id=\"2886\" class=\"elementor elementor-2886\" data-elementor-settings=\"{&quot;ha_cmc_init_switcher&quot;:&quot;no&quot;}\" data-elementor-post-type=\"page\">\n\t\t\t\t\t\t<section class=\"elementor-section elementor-top-section elementor-element elementor-element-874b7bc elementor-section-full_width elementor-section-height-default elementor-section-height-default\" data-id=\"874b7bc\" data-element_type=\"section\" data-e-type=\"section\" data-settings=\"{&quot;jet_parallax_layout_list&quot;:[],&quot;_ha_eqh_enable&quot;:false}\">\n\t\t\t\t\t\t<div class=\"elementor-container elementor-column-gap-default\">\n\t\t\t\t\t<div class=\"elementor-column elementor-col-100 elementor-top-column elementor-element elementor-element-308478d\" data-id=\"308478d\" data-element_type=\"column\" data-e-type=\"column\">\n\t\t\t<div class=\"elementor-widget-wrap elementor-element-populated\">\n\t\t\t\t\t\t<div class=\"elementor-element elementor-element-52989bc elementor-hidden-mobile elementor-widget elementor-widget-image\" data-id=\"52989bc\" data-element_type=\"widget\" data-e-type=\"widget\" data-widget_type=\"image.default\">\n\t\t\t\t<div class=\"elementor-widget-container\">\n\t\t\t\t\t\t\t\t\t\t\t\t\t\t\t<img fetchpriority=\"high\" decoding=\"async\" width=\"1376\" height=\"304\" src=\"https:\/\/cipa.com.co\/wp-content\/uploads\/2024\/01\/Frame-19-1.png\" class=\"attachment-full size-full wp-image-2892\" alt=\"\" srcset=\"https:\/\/cipa.com.co\/wp-content\/uploads\/2024\/01\/Frame-19-1.png 1376w, https:\/\/cipa.com.co\/wp-content\/uploads\/2024\/01\/Frame-19-1-300x66.png 300w, https:\/\/cipa.com.co\/wp-content\/uploads\/2024\/01\/Frame-19-1-1024x226.png 1024w, https:\/\/cipa.com.co\/wp-content\/uploads\/2024\/01\/Frame-19-1-768x170.png 768w\" sizes=\"(max-width: 1376px) 100vw, 1376px\" \/>\t\t\t\t\t\t\t\t\t\t\t\t\t\t\t<\/div>\n\t\t\t\t<\/div>\n\t\t\t\t<div class=\"elementor-element elementor-element-106e06e elementor-hidden-desktop elementor-hidden-tablet elementor-widget elementor-widget-image\" data-id=\"106e06e\" data-element_type=\"widget\" data-e-type=\"widget\" data-widget_type=\"image.default\">\n\t\t\t\t<div class=\"elementor-widget-container\">\n\t\t\t\t\t\t\t\t\t\t\t\t\t\t\t<img decoding=\"async\" width=\"480\" height=\"480\" src=\"https:\/\/cipa.com.co\/wp-content\/uploads\/2024\/01\/Frame-86.png\" class=\"attachment-full size-full wp-image-2893\" alt=\"\" srcset=\"https:\/\/cipa.com.co\/wp-content\/uploads\/2024\/01\/Frame-86.png 480w, https:\/\/cipa.com.co\/wp-content\/uploads\/2024\/01\/Frame-86-300x300.png 300w, https:\/\/cipa.com.co\/wp-content\/uploads\/2024\/01\/Frame-86-150x150.png 150w\" sizes=\"(max-width: 480px) 100vw, 480px\" \/>\t\t\t\t\t\t\t\t\t\t\t\t\t\t\t<\/div>\n\t\t\t\t<\/div>\n\t\t\t\t\t<\/div>\n\t\t<\/div>\n\t\t\t\t\t<\/div>\n\t\t<\/section>\n\t\t\t\t<section class=\"elementor-section elementor-top-section elementor-element elementor-element-23a159c elementor-section-boxed elementor-section-height-default elementor-section-height-default\" data-id=\"23a159c\" data-element_type=\"section\" data-e-type=\"section\" data-settings=\"{&quot;jet_parallax_layout_list&quot;:[],&quot;background_background&quot;:&quot;classic&quot;,&quot;_ha_eqh_enable&quot;:false}\">\n\t\t\t\t\t\t<div class=\"elementor-container elementor-column-gap-default\">\n\t\t\t\t\t<div class=\"elementor-column elementor-col-100 elementor-top-column elementor-element elementor-element-935914c\" data-id=\"935914c\" data-element_type=\"column\" data-e-type=\"column\" data-settings=\"{&quot;background_background&quot;:&quot;classic&quot;}\">\n\t\t\t<div class=\"elementor-widget-wrap elementor-element-populated\">\n\t\t\t\t\t\t<div class=\"elementor-element elementor-element-55aaafc elementor-widget__width-initial elementor-widget elementor-widget-text-editor\" data-id=\"55aaafc\" data-element_type=\"widget\" data-e-type=\"widget\" data-widget_type=\"text-editor.default\">\n\t\t\t\t<div class=\"elementor-widget-container\">\n\t\t\t\t\t\t\t\t\t<h4><strong>Cipa se encuentra comprometido con postulados \u00e9ticos, principios y valores que exigen de todos sus funcionarios y personal relacionado comportamientos apropiados, que se enmarquen dentro de los m\u00e1s altos est\u00e1ndares de transparencia adoptados en su programa de transparencia y \u00e9tica empresarial.<\/strong><\/h4>\t\t\t\t\t\t\t\t<\/div>\n\t\t\t\t<\/div>\n\t\t\t\t<div class=\"elementor-element elementor-element-80770d4 elementor-widget elementor-widget-spacer\" data-id=\"80770d4\" data-element_type=\"widget\" data-e-type=\"widget\" data-widget_type=\"spacer.default\">\n\t\t\t\t<div class=\"elementor-widget-container\">\n\t\t\t\t\t\t\t<div class=\"elementor-spacer\">\n\t\t\t<div class=\"elementor-spacer-inner\"><\/div>\n\t\t<\/div>\n\t\t\t\t\t\t<\/div>\n\t\t\t\t<\/div>\n\t\t\t\t<section class=\"elementor-section elementor-inner-section elementor-element elementor-element-f941dc7 elementor-section-boxed elementor-section-height-default elementor-section-height-default\" data-id=\"f941dc7\" data-element_type=\"section\" data-e-type=\"section\" data-settings=\"{&quot;jet_parallax_layout_list&quot;:[],&quot;_ha_eqh_enable&quot;:false}\">\n\t\t\t\t\t\t<div class=\"elementor-container elementor-column-gap-default\">\n\t\t\t\t\t<div class=\"elementor-column elementor-col-33 elementor-inner-column elementor-element elementor-element-b142d45\" data-id=\"b142d45\" data-element_type=\"column\" data-e-type=\"column\">\n\t\t\t<div class=\"elementor-widget-wrap elementor-element-populated\">\n\t\t\t\t\t\t<div class=\"elementor-element elementor-element-f3e261e elementor-widget elementor-widget-spacer\" data-id=\"f3e261e\" data-element_type=\"widget\" data-e-type=\"widget\" data-widget_type=\"spacer.default\">\n\t\t\t\t<div class=\"elementor-widget-container\">\n\t\t\t\t\t\t\t<div class=\"elementor-spacer\">\n\t\t\t<div class=\"elementor-spacer-inner\"><\/div>\n\t\t<\/div>\n\t\t\t\t\t\t<\/div>\n\t\t\t\t<\/div>\n\t\t\t\t<div class=\"elementor-element elementor-element-29d3e02 elementor-widget elementor-widget-image\" data-id=\"29d3e02\" data-element_type=\"widget\" data-e-type=\"widget\" data-widget_type=\"image.default\">\n\t\t\t\t<div class=\"elementor-widget-container\">\n\t\t\t\t\t\t\t\t\t\t\t\t\t\t\t<img decoding=\"async\" width=\"331\" height=\"272\" src=\"https:\/\/cipa.com.co\/wp-content\/uploads\/2023\/10\/image-10-2.png\" class=\"attachment-large size-large wp-image-329\" alt=\"\" srcset=\"https:\/\/cipa.com.co\/wp-content\/uploads\/2023\/10\/image-10-2.png 331w, https:\/\/cipa.com.co\/wp-content\/uploads\/2023\/10\/image-10-2-300x247.png 300w\" sizes=\"(max-width: 331px) 100vw, 331px\" \/>\t\t\t\t\t\t\t\t\t\t\t\t\t\t\t<\/div>\n\t\t\t\t<\/div>\n\t\t\t\t<div class=\"elementor-element elementor-element-638c7a1 elementor-widget elementor-widget-spacer\" data-id=\"638c7a1\" data-element_type=\"widget\" data-e-type=\"widget\" data-widget_type=\"spacer.default\">\n\t\t\t\t<div class=\"elementor-widget-container\">\n\t\t\t\t\t\t\t<div class=\"elementor-spacer\">\n\t\t\t<div class=\"elementor-spacer-inner\"><\/div>\n\t\t<\/div>\n\t\t\t\t\t\t<\/div>\n\t\t\t\t<\/div>\n\t\t\t\t\t<\/div>\n\t\t<\/div>\n\t\t\t\t<div class=\"elementor-column elementor-col-66 elementor-inner-column elementor-element elementor-element-1124df7\" data-id=\"1124df7\" data-element_type=\"column\" data-e-type=\"column\">\n\t\t\t<div class=\"elementor-widget-wrap elementor-element-populated\">\n\t\t\t\t\t\t<div class=\"elementor-element elementor-element-8eda9ec elementor-widget elementor-widget-text-editor\" data-id=\"8eda9ec\" data-element_type=\"widget\" data-e-type=\"widget\" data-widget_type=\"text-editor.default\">\n\t\t\t\t<div class=\"elementor-widget-container\">\n\t\t\t\t\t\t\t\t\t<b>Para Cipa la integridad es el valor fundamental en que deben cimentarse todas las actuaciones de sus empleados y colaboradores<\/b>, adquiriendo de esta manera un compromiso con la sociedad colombiana, respecto de un actuar transparente en cualquier relaci\u00f3n en la que se encuentre comprometido el nombre de Cipa.\n<br>\n<br>\nEn cumplimiento de este compromiso con la transparencia, Cipa S.A. pone a disposici\u00f3n de la comunidad en general un canal de comunicaci\u00f3n efectivo, que permitir\u00e1 obtener de manera independiente, informaci\u00f3n sobre hechos que atenten contra la ley o los lineamientos establecidos en el programa de transparencia y \u00e9tica empresarial adoptado por Cipa.\n<br>\t\t\t\t\t\t\t\t<\/div>\n\t\t\t\t<\/div>\n\t\t\t\t\t<\/div>\n\t\t<\/div>\n\t\t\t\t\t<\/div>\n\t\t<\/section>\n\t\t\t\t<div class=\"elementor-element elementor-element-9ee2b50 elementor-widget elementor-widget-spacer\" data-id=\"9ee2b50\" data-element_type=\"widget\" data-e-type=\"widget\" data-widget_type=\"spacer.default\">\n\t\t\t\t<div class=\"elementor-widget-container\">\n\t\t\t\t\t\t\t<div class=\"elementor-spacer\">\n\t\t\t<div class=\"elementor-spacer-inner\"><\/div>\n\t\t<\/div>\n\t\t\t\t\t\t<\/div>\n\t\t\t\t<\/div>\n\t\t\t\t<div class=\"elementor-element elementor-element-059341a elementor-widget elementor-widget-text-editor\" data-id=\"059341a\" data-element_type=\"widget\" data-e-type=\"widget\" data-widget_type=\"text-editor.default\">\n\t\t\t\t<div class=\"elementor-widget-container\">\n\t\t\t\t\t\t\t\t\t<p><strong>Si tienes conocimiento sobre actuaciones cuestionables \u00e9ticamente <\/strong>en las que intervengan personal al servicio de Cipa puedes informarnos a trav\u00e9s del correo electr\u00f3nico<strong><span style=\"text-decoration: underline; color: #989898;\"><a style=\"color: #989898; text-decoration: underline;\" href=\"mailto:lineaetica@cipa.com.co\"> lineaetica@cipa.com.co<\/a><\/span><span style=\"text-decoration: underline;\">,<\/span> <\/strong>se garantiza absoluta reserva.<\/p>\t\t\t\t\t\t\t\t<\/div>\n\t\t\t\t<\/div>\n\t\t\t\t\t<\/div>\n\t\t<\/div>\n\t\t\t\t\t<\/div>\n\t\t<\/section>\n\t\t\t\t<\/div>\n\t\t","protected":false},"excerpt":{"rendered":"<p>Cipa se encuentra comprometido con postulados \u00e9ticos, principios y valores que exigen de todos sus funcionarios y personal relacionado comportamientos apropiados, que se enmarquen dentro de los m\u00e1s altos est\u00e1ndares de transparencia adoptados en su programa de transparencia y \u00e9tica empresarial. Para Cipa la integridad es el valor fundamental en que deben cimentarse todas las [&hellip;]<\/p>\n","protected":false},"author":4,"featured_media":0,"parent":0,"menu_order":0,"comment_status":"closed","ping_status":"closed","template":"","meta":{"footnotes":""},"class_list":["post-2886","page","type-page","status-publish","hentry"],"yoast_head":"<!-- This site is optimized with the Yoast SEO plugin v27.5 - https:\/\/yoast.com\/product\/yoast-seo-wordpress\/ -->\n<title>L\u00ednea \u00c9tica - Cipa - Es nutrici\u00f3n<\/title>\n<meta name=\"robots\" content=\"index, follow, max-snippet:-1, max-image-preview:large, max-video-preview:-1\" \/>\n<link rel=\"canonical\" href=\"https:\/\/cipa.com.co\/?page_id=2886\" \/>\n<meta property=\"og:locale\" content=\"es_ES\" \/>\n<meta property=\"og:type\" content=\"article\" \/>\n<meta property=\"og:title\" content=\"L\u00ednea \u00c9tica - Cipa - Es nutrici\u00f3n\" \/>\n<meta property=\"og:description\" content=\"Cipa se encuentra comprometido con postulados \u00e9ticos, principios y valores que exigen de todos sus funcionarios y personal relacionado comportamientos apropiados, que se enmarquen dentro de los m\u00e1s altos est\u00e1ndares de transparencia adoptados en su programa de transparencia y \u00e9tica empresarial. Para Cipa la integridad es el valor fundamental en que deben cimentarse todas las [&hellip;]\" \/>\n<meta property=\"og:url\" content=\"https:\/\/cipa.com.co\/?page_id=2886\" \/>\n<meta property=\"og:site_name\" content=\"Cipa - Es nutrici\u00f3n\" \/>\n<meta property=\"article:publisher\" content=\"https:\/\/www.facebook.com\/cipaesnutricion\/\" \/>\n<meta property=\"article:modified_time\" content=\"2024-02-02T22:02:44+00:00\" \/>\n<meta property=\"og:image\" content=\"https:\/\/click2action.com.co\/cipa\/wp-content\/uploads\/2024\/01\/Frame-19-1.png\" \/>\n<meta name=\"twitter:card\" content=\"summary_large_image\" \/>\n<meta name=\"twitter:label1\" content=\"Tiempo de lectura\" \/>\n\t<meta name=\"twitter:data1\" content=\"2 minutos\" \/>\n<script type=\"application\/ld+json\" class=\"yoast-schema-graph\">{\"@context\":\"https:\\\/\\\/schema.org\",\"@graph\":[{\"@type\":\"WebPage\",\"@id\":\"https:\\\/\\\/cipa.com.co\\\/?page_id=2886\",\"url\":\"https:\\\/\\\/cipa.com.co\\\/?page_id=2886\",\"name\":\"L\u00ednea \u00c9tica - Cipa - Es nutrici\u00f3n\",\"isPartOf\":{\"@id\":\"https:\\\/\\\/cipa.com.co\\\/#website\"},\"primaryImageOfPage\":{\"@id\":\"https:\\\/\\\/cipa.com.co\\\/?page_id=2886#primaryimage\"},\"image\":{\"@id\":\"https:\\\/\\\/cipa.com.co\\\/?page_id=2886#primaryimage\"},\"thumbnailUrl\":\"https:\\\/\\\/click2action.com.co\\\/cipa\\\/wp-content\\\/uploads\\\/2024\\\/01\\\/Frame-19-1.png\",\"datePublished\":\"2024-01-04T16:46:39+00:00\",\"dateModified\":\"2024-02-02T22:02:44+00:00\",\"breadcrumb\":{\"@id\":\"https:\\\/\\\/cipa.com.co\\\/?page_id=2886#breadcrumb\"},\"inLanguage\":\"es-CO\",\"potentialAction\":[{\"@type\":\"ReadAction\",\"target\":[\"https:\\\/\\\/cipa.com.co\\\/?page_id=2886\"]}]},{\"@type\":\"ImageObject\",\"inLanguage\":\"es-CO\",\"@id\":\"https:\\\/\\\/cipa.com.co\\\/?page_id=2886#primaryimage\",\"url\":\"https:\\\/\\\/click2action.com.co\\\/cipa\\\/wp-content\\\/uploads\\\/2024\\\/01\\\/Frame-19-1.png\",\"contentUrl\":\"https:\\\/\\\/click2action.com.co\\\/cipa\\\/wp-content\\\/uploads\\\/2024\\\/01\\\/Frame-19-1.png\"},{\"@type\":\"BreadcrumbList\",\"@id\":\"https:\\\/\\\/cipa.com.co\\\/?page_id=2886#breadcrumb\",\"itemListElement\":[{\"@type\":\"ListItem\",\"position\":1,\"name\":\"Inicio\",\"item\":\"https:\\\/\\\/cipa.com.co\\\/\"},{\"@type\":\"ListItem\",\"position\":2,\"name\":\"L\u00ednea \u00c9tica\"}]},{\"@type\":\"WebSite\",\"@id\":\"https:\\\/\\\/cipa.com.co\\\/#website\",\"url\":\"https:\\\/\\\/cipa.com.co\\\/\",\"name\":\"Cipa\",\"description\":\"\",\"publisher\":{\"@id\":\"https:\\\/\\\/cipa.com.co\\\/#organization\"},\"potentialAction\":[{\"@type\":\"SearchAction\",\"target\":{\"@type\":\"EntryPoint\",\"urlTemplate\":\"https:\\\/\\\/cipa.com.co\\\/?s={search_term_string}\"},\"query-input\":{\"@type\":\"PropertyValueSpecification\",\"valueRequired\":true,\"valueName\":\"search_term_string\"}}],\"inLanguage\":\"es-CO\"},{\"@type\":\"Organization\",\"@id\":\"https:\\\/\\\/cipa.com.co\\\/#organization\",\"name\":\"Cipa\",\"url\":\"https:\\\/\\\/cipa.com.co\\\/\",\"logo\":{\"@type\":\"ImageObject\",\"inLanguage\":\"es-CO\",\"@id\":\"https:\\\/\\\/cipa.com.co\\\/#\\\/schema\\\/logo\\\/image\\\/\",\"url\":\"https:\\\/\\\/click2action.com.co\\\/cipa\\\/wp-content\\\/uploads\\\/2023\\\/10\\\/logoCipa.png\",\"contentUrl\":\"https:\\\/\\\/click2action.com.co\\\/cipa\\\/wp-content\\\/uploads\\\/2023\\\/10\\\/logoCipa.png\",\"width\":206,\"height\":138,\"caption\":\"Cipa\"},\"image\":{\"@id\":\"https:\\\/\\\/cipa.com.co\\\/#\\\/schema\\\/logo\\\/image\\\/\"},\"sameAs\":[\"https:\\\/\\\/www.facebook.com\\\/cipaesnutricion\\\/\",\"https:\\\/\\\/www.instagram.com\\\/cipanutricion\\\/\"]}]}<\/script>\n<!-- \/ Yoast SEO plugin. -->","yoast_head_json":{"title":"L\u00ednea \u00c9tica - Cipa - Es nutrici\u00f3n","robots":{"index":"index","follow":"follow","max-snippet":"max-snippet:-1","max-image-preview":"max-image-preview:large","max-video-preview":"max-video-preview:-1"},"canonical":"https:\/\/cipa.com.co\/?page_id=2886","og_locale":"es_ES","og_type":"article","og_title":"L\u00ednea \u00c9tica - Cipa - Es nutrici\u00f3n","og_description":"Cipa se encuentra comprometido con postulados \u00e9ticos, principios y valores que exigen de todos sus funcionarios y personal relacionado comportamientos apropiados, que se enmarquen dentro de los m\u00e1s altos est\u00e1ndares de transparencia adoptados en su programa de transparencia y \u00e9tica empresarial. Para Cipa la integridad es el valor fundamental en que deben cimentarse todas las [&hellip;]","og_url":"https:\/\/cipa.com.co\/?page_id=2886","og_site_name":"Cipa - Es nutrici\u00f3n","article_publisher":"https:\/\/www.facebook.com\/cipaesnutricion\/","article_modified_time":"2024-02-02T22:02:44+00:00","og_image":[{"url":"https:\/\/click2action.com.co\/cipa\/wp-content\/uploads\/2024\/01\/Frame-19-1.png","type":"","width":"","height":""}],"twitter_card":"summary_large_image","twitter_misc":{"Tiempo de lectura":"2 minutos"},"schema":{"@context":"https:\/\/schema.org","@graph":[{"@type":"WebPage","@id":"https:\/\/cipa.com.co\/?page_id=2886","url":"https:\/\/cipa.com.co\/?page_id=2886","name":"L\u00ednea \u00c9tica - Cipa - Es nutrici\u00f3n","isPartOf":{"@id":"https:\/\/cipa.com.co\/#website"},"primaryImageOfPage":{"@id":"https:\/\/cipa.com.co\/?page_id=2886#primaryimage"},"image":{"@id":"https:\/\/cipa.com.co\/?page_id=2886#primaryimage"},"thumbnailUrl":"https:\/\/click2action.com.co\/cipa\/wp-content\/uploads\/2024\/01\/Frame-19-1.png","datePublished":"2024-01-04T16:46:39+00:00","dateModified":"2024-02-02T22:02:44+00:00","breadcrumb":{"@id":"https:\/\/cipa.com.co\/?page_id=2886#breadcrumb"},"inLanguage":"es-CO","potentialAction":[{"@type":"ReadAction","target":["https:\/\/cipa.com.co\/?page_id=2886"]}]},{"@type":"ImageObject","inLanguage":"es-CO","@id":"https:\/\/cipa.com.co\/?page_id=2886#primaryimage","url":"https:\/\/click2action.com.co\/cipa\/wp-content\/uploads\/2024\/01\/Frame-19-1.png","contentUrl":"https:\/\/click2action.com.co\/cipa\/wp-content\/uploads\/2024\/01\/Frame-19-1.png"},{"@type":"BreadcrumbList","@id":"https:\/\/cipa.com.co\/?page_id=2886#breadcrumb","itemListElement":[{"@type":"ListItem","position":1,"name":"Inicio","item":"https:\/\/cipa.com.co\/"},{"@type":"ListItem","position":2,"name":"L\u00ednea \u00c9tica"}]},{"@type":"WebSite","@id":"https:\/\/cipa.com.co\/#website","url":"https:\/\/cipa.com.co\/","name":"Cipa","description":"","publisher":{"@id":"https:\/\/cipa.com.co\/#organization"},"potentialAction":[{"@type":"SearchAction","target":{"@type":"EntryPoint","urlTemplate":"https:\/\/cipa.com.co\/?s={search_term_string}"},"query-input":{"@type":"PropertyValueSpecification","valueRequired":true,"valueName":"search_term_string"}}],"inLanguage":"es-CO"},{"@type":"Organization","@id":"https:\/\/cipa.com.co\/#organization","name":"Cipa","url":"https:\/\/cipa.com.co\/","logo":{"@type":"ImageObject","inLanguage":"es-CO","@id":"https:\/\/cipa.com.co\/#\/schema\/logo\/image\/","url":"https:\/\/click2action.com.co\/cipa\/wp-content\/uploads\/2023\/10\/logoCipa.png","contentUrl":"https:\/\/click2action.com.co\/cipa\/wp-content\/uploads\/2023\/10\/logoCipa.png","width":206,"height":138,"caption":"Cipa"},"image":{"@id":"https:\/\/cipa.com.co\/#\/schema\/logo\/image\/"},"sameAs":["https:\/\/www.facebook.com\/cipaesnutricion\/","https:\/\/www.instagram.com\/cipanutricion\/"]}]}},"_links":{"self":[{"href":"https:\/\/cipa.com.co\/index.php?rest_route=\/wp\/v2\/pages\/2886","targetHints":{"allow":["GET"]}}],"collection":[{"href":"https:\/\/cipa.com.co\/index.php?rest_route=\/wp\/v2\/pages"}],"about":[{"href":"https:\/\/cipa.com.co\/index.php?rest_route=\/wp\/v2\/types\/page"}],"author":[{"embeddable":true,"href":"https:\/\/cipa.com.co\/index.php?rest_route=\/wp\/v2\/users\/4"}],"replies":[{"embeddable":true,"href":"https:\/\/cipa.com.co\/index.php?rest_route=%2Fwp%2Fv2%2Fcomments&post=2886"}],"version-history":[{"count":11,"href":"https:\/\/cipa.com.co\/index.php?rest_route=\/wp\/v2\/pages\/2886\/revisions"}],"predecessor-version":[{"id":3438,"href":"https:\/\/cipa.com.co\/index.php?rest_route=\/wp\/v2\/pages\/2886\/revisions\/3438"}],"wp:attachment":[{"href":"https:\/\/cipa.com.co\/index.php?rest_route=%2Fwp%2Fv2%2Fmedia&parent=2886"}],"curies":[{"name":"wp","href":"https:\/\/api.w.org\/{rel}","templated":true}]}}